{"id":103,"date":"2024-04-15T16:07:13","date_gmt":"2024-04-15T14:07:13","guid":{"rendered":"http:\/\/shop.lafschool.it\/wp1\/?page_id=103"},"modified":"2024-04-15T16:08:38","modified_gmt":"2024-04-15T14:08:38","slug":"pon-pnrr","status":"publish","type":"page","link":"http:\/\/shop.lafschool.it\/wp1\/pon-pnrr\/","title":{"rendered":"PON\/PNRR"},"content":{"rendered":"\n<p>Italia Domani \u00e8 il Piano Nazionale di Ripresa e Resilienza (PNRR) italiano, un&nbsp;<strong>piano di trasformazione del Paese<\/strong>&nbsp;che lascer\u00e0 una preziosa eredit\u00e0 alle generazioni future, dando vita a una crescita economica pi\u00f9 robusta, sostenibile e inclusiva.<\/p>\n\n\n\n<p><strong>Italia Domani fa parte di Next Generation EU<\/strong>, il programma di rilancio economico attivato dall\u2019Unione Europea e dedicato agli stati membri.<\/p>\n\n\n\n<p>Con Italia Domani il Paese avr\u00e0 una pubblica amministrazione pi\u00f9 efficiente e digitalizzata, trasporti pi\u00f9 sostenibili e diffusi, una sanit\u00e0 pubblica pi\u00f9 moderna e vicina alle persone, una maggiore coesione territoriale, con un mercato del lavoro pi\u00f9 dinamico e senza discriminazioni di genere e generazionali, maggiore investimento sulla ricerca, un sistema di istruzione pi\u00f9 innovativo e inclusivo.<\/p>\n\n\n\n<p>Il Piano nazionale di ripresa e resilienza costituisce&nbsp;<strong>un\u2019opportunit\u00e0 unica per la crescita del Paese e per un rilancio economico a favore delle generazioni future<\/strong>. Il PNRR costituisce anche una sfida importante per la pubblica Amministrazione e per i singoli Ministeri, chiamati ad attuare un Piano articolato e ambizioso.<\/p>\n","protected":false},"excerpt":{"rendered":"<p>Italia Domani \u00e8 il Piano Nazionale di Ripresa e Resilienza (PNRR) italiano, un&nbsp;piano di trasformazione del Paese&nbsp;che lascer\u00e0 una preziosa eredit\u00e0 alle generazioni future, dando vita a una crescita economica pi\u00f9 robusta, sostenibile e inclusiva. Italia [&hellip;]<\/p>\n","protected":false},"author":1,"featured_media":0,"parent":0,"menu_order":0,"comment_status":"closed","ping_status":"closed","template":"","meta":{"footnotes":""},"tags":[],"_links":{"self":[{"href":"http:\/\/shop.lafschool.it\/wp1\/wp-json\/wp\/v2\/pages\/103"}],"collection":[{"href":"http:\/\/shop.lafschool.it\/wp1\/wp-json\/wp\/v2\/pages"}],"about":[{"href":"http:\/\/shop.lafschool.it\/wp1\/wp-json\/wp\/v2\/types\/page"}],"author":[{"embeddable":true,"href":"http:\/\/shop.lafschool.it\/wp1\/wp-json\/wp\/v2\/users\/1"}],"replies":[{"embeddable":true,"href":"http:\/\/shop.lafschool.it\/wp1\/wp-json\/wp\/v2\/comments?post=103"}],"version-history":[{"count":2,"href":"http:\/\/shop.lafschool.it\/wp1\/wp-json\/wp\/v2\/pages\/103\/revisions"}],"predecessor-version":[{"id":109,"href":"http:\/\/shop.lafschool.it\/wp1\/wp-json\/wp\/v2\/pages\/103\/revisions\/109"}],"wp:attachment":[{"href":"http:\/\/shop.lafschool.it\/wp1\/wp-json\/wp\/v2\/media?parent=103"}],"wp:term":[{"taxonomy":"post_tag","embeddable":true,"href":"http:\/\/shop.lafschool.it\/wp1\/wp-json\/wp\/v2\/tags?post=103"}],"curies":[{"name":"wp","href":"https:\/\/api.w.org\/{rel}","templated":true}]}}