{"id":121,"date":"2024-04-15T17:23:51","date_gmt":"2024-04-15T15:23:51","guid":{"rendered":"http:\/\/shop.lafschool.it\/wp1\/?page_id=121"},"modified":"2024-04-15T17:28:42","modified_gmt":"2024-04-15T15:28:42","slug":"offerta-formativa","status":"publish","type":"page","link":"http:\/\/shop.lafschool.it\/wp1\/didattica\/offerta-formativa\/","title":{"rendered":"Offerta Formativa"},"content":{"rendered":"\n<p>Il Piano dell&#8217;<strong>offerta formativa<\/strong>&nbsp;\u00e8 la carta d&#8217;identit\u00e0 dell&#8217;istituzione scolastica la cui fisionomia \u00e8 determinata dalla progettazione del curricolo (sia per la quota definita dal centro sia per quella definita dalla scuola stessa), nonch\u00e9 delle attivit\u00e0 extracurricolari, educative e organizzative.<\/p>\n\n\n\n<p>Il Piano Triennale dell&#8217;Offerta Formativa (PTOF) \u00e8 il&nbsp;<strong>documento programmatico e informativo di un Istituto<\/strong>. Costituisce la carta d&#8217;identit\u00e0 culturale e progettuale dell&#8217;Istituzione scolastica e ne delinea il profilo educativo, esplicitandone le intenzionalit\u00e0 educative e formative. <\/p>\n\n\n\n<div data-wp-interactive=\"core\/file\" class=\"wp-block-file\"><object data-wp-bind--hidden=\"!state.hasPdfPreview\"  class=\"wp-block-file__embed\" data=\"http:\/\/shop.lafschool.it\/wp1\/wp-content\/uploads\/2024\/04\/PTOF-ESXEMPIO-1.pdf\" type=\"application\/pdf\" style=\"width:100%;height:600px\" aria-label=\"Incorporamento di PTOF-ESXEMPIO-1.\"><\/object><a id=\"wp-block-file--media-c15d5d02-af47-4863-8f00-c1d559be5396\" href=\"http:\/\/shop.lafschool.it\/wp1\/wp-content\/uploads\/2024\/04\/PTOF-ESXEMPIO-1.pdf\">PTOF-ESXEMPIO-1<\/a><a href=\"http:\/\/shop.lafschool.it\/wp1\/wp-content\/uploads\/2024\/04\/PTOF-ESXEMPIO-1.pdf\" class=\"wp-block-file__button wp-element-button\" download aria-describedby=\"wp-block-file--media-c15d5d02-af47-4863-8f00-c1d559be5396\">Download<\/a><\/div>\n\n\n\n<div data-wp-interactive=\"core\/file\" class=\"wp-block-file\"><object data-wp-bind--hidden=\"!state.hasPdfPreview\"  class=\"wp-block-file__embed\" data=\"http:\/\/shop.lafschool.it\/wp1\/wp-content\/uploads\/2024\/04\/PTOF-2-1.pdf\" type=\"application\/pdf\" style=\"width:100%;height:600px\" aria-label=\"Incorporamento di PTOF-2-1.\"><\/object><a id=\"wp-block-file--media-832909de-db70-4a40-9767-15c1344fe59f\" href=\"http:\/\/shop.lafschool.it\/wp1\/wp-content\/uploads\/2024\/04\/PTOF-2-1.pdf\">PTOF-2-1<\/a><a href=\"http:\/\/shop.lafschool.it\/wp1\/wp-content\/uploads\/2024\/04\/PTOF-2-1.pdf\" class=\"wp-block-file__button wp-element-button\" download aria-describedby=\"wp-block-file--media-832909de-db70-4a40-9767-15c1344fe59f\">Download<\/a><\/div>\n","protected":false},"excerpt":{"rendered":"<p>Il Piano dell&#8217;offerta formativa&nbsp;\u00e8 la carta d&#8217;identit\u00e0 dell&#8217;istituzione scolastica la cui fisionomia \u00e8 determinata dalla progettazione del curricolo (sia per la quota definita dal centro sia per quella definita dalla scuola stessa), nonch\u00e9 delle attivit\u00e0 extracurricolari, [&hellip;]<\/p>\n","protected":false},"author":1,"featured_media":0,"parent":10,"menu_order":0,"comment_status":"closed","ping_status":"closed","template":"","meta":{"footnotes":""},"tags":[],"_links":{"self":[{"href":"http:\/\/shop.lafschool.it\/wp1\/wp-json\/wp\/v2\/pages\/121"}],"collection":[{"href":"http:\/\/shop.lafschool.it\/wp1\/wp-json\/wp\/v2\/pages"}],"about":[{"href":"http:\/\/shop.lafschool.it\/wp1\/wp-json\/wp\/v2\/types\/page"}],"author":[{"embeddable":true,"href":"http:\/\/shop.lafschool.it\/wp1\/wp-json\/wp\/v2\/users\/1"}],"replies":[{"embeddable":true,"href":"http:\/\/shop.lafschool.it\/wp1\/wp-json\/wp\/v2\/comments?post=121"}],"version-history":[{"count":2,"href":"http:\/\/shop.lafschool.it\/wp1\/wp-json\/wp\/v2\/pages\/121\/revisions"}],"predecessor-version":[{"id":126,"href":"http:\/\/shop.lafschool.it\/wp1\/wp-json\/wp\/v2\/pages\/121\/revisions\/126"}],"up":[{"embeddable":true,"href":"http:\/\/shop.lafschool.it\/wp1\/wp-json\/wp\/v2\/pages\/10"}],"wp:attachment":[{"href":"http:\/\/shop.lafschool.it\/wp1\/wp-json\/wp\/v2\/media?parent=121"}],"wp:term":[{"taxonomy":"post_tag","embeddable":true,"href":"http:\/\/shop.lafschool.it\/wp1\/wp-json\/wp\/v2\/tags?post=121"}],"curies":[{"name":"wp","href":"https:\/\/api.w.org\/{rel}","templated":true}]}}