{"id":20261,"date":"2024-05-06T13:18:48","date_gmt":"2024-05-06T11:18:48","guid":{"rendered":"http:\/\/shop.lafschool.it\/wp7\/?page_id=20261"},"modified":"2024-05-23T22:33:30","modified_gmt":"2024-05-23T20:33:30","slug":"politica-per-la-qualita","status":"publish","type":"page","link":"http:\/\/shop.lafschool.it\/wp7\/politica-per-la-qualita\/","title":{"rendered":"Politica per la qualit\u00e0"},"content":{"rendered":"\t\t<div data-elementor-type=\"wp-page\" data-elementor-id=\"20261\" class=\"elementor elementor-20261\">\n\t\t\t\t\t\t<section class=\"elementor-section elementor-top-section elementor-element elementor-element-506b3c7 elementor-section-boxed elementor-section-height-default elementor-section-height-default\" data-id=\"506b3c7\" data-element_type=\"section\">\n\t\t\t\t\t\t<div class=\"elementor-container elementor-column-gap-default\">\n\t\t\t\t\t<div class=\"elementor-column elementor-col-100 elementor-top-column elementor-element elementor-element-4d9f92a\" data-id=\"4d9f92a\" data-element_type=\"column\">\n\t\t\t<div class=\"elementor-widget-wrap elementor-element-populated\">\n\t\t\t\t\t\t<div class=\"elementor-element elementor-element-d28263a elementor-widget__width-auto elementor-absolute elementor-hidden-tablet_extra elementor-hidden-tablet elementor-hidden-mobile elementor-invisible elementor-widget elementor-widget-edublink-animation\" data-id=\"d28263a\" data-element_type=\"widget\" data-settings=\"{&quot;_position&quot;:&quot;absolute&quot;,&quot;_animation&quot;:&quot;fadeIn&quot;,&quot;_animation_delay&quot;:500}\" data-widget_type=\"edublink-animation.default\">\n\t\t\t\t<div class=\"elementor-widget-container\">\n\t\t\t<div class=\"edublink-animation-widget edublink-animation-display-type-mouse-track edublink-animation-content-type-color edublink-mouse-track-item\"><span data-depth=\"0\"><span class=\"edublink-animation-widget-color\"><\/span><\/span><\/div>\t\t<\/div>\n\t\t\t\t<\/div>\n\t\t\t\t\t<\/div>\n\t\t<\/div>\n\t\t\t\t\t<\/div>\n\t\t<\/section>\n\t\t\t\t<section class=\"elementor-section elementor-top-section elementor-element elementor-element-1ef5c1d elementor-section-boxed elementor-section-height-default elementor-section-height-default\" data-id=\"1ef5c1d\" data-element_type=\"section\">\n\t\t\t\t\t\t<div class=\"elementor-container elementor-column-gap-default\">\n\t\t\t\t\t<div class=\"elementor-column elementor-col-50 elementor-top-column elementor-element elementor-element-3648198\" data-id=\"3648198\" data-element_type=\"column\">\n\t\t\t<div class=\"elementor-widget-wrap elementor-element-populated\">\n\t\t\t\t\t\t<div class=\"elementor-element elementor-element-5abea90 elementor-widget__width-auto elementor-absolute elementor-hidden-tablet_extra elementor-hidden-tablet elementor-hidden-mobile elementor-invisible elementor-widget elementor-widget-edublink-animation\" data-id=\"5abea90\" data-element_type=\"widget\" data-settings=\"{&quot;_position&quot;:&quot;absolute&quot;,&quot;_animation&quot;:&quot;fadeIn&quot;,&quot;_animation_delay&quot;:500}\" data-widget_type=\"edublink-animation.default\">\n\t\t\t\t<div class=\"elementor-widget-container\">\n\t\t\t<div class=\"edublink-animation-widget edublink-animation-display-type-mouse-track edublink-animation-content-type-color edublink-mouse-track-item\"><span data-depth=\"0\"><span class=\"edublink-animation-widget-color\"><\/span><\/span><\/div>\t\t<\/div>\n\t\t\t\t<\/div>\n\t\t\t\t<div class=\"elementor-element elementor-element-7a09962 elementor-widget-tablet_extra__width-initial elementor-invisible elementor-widget elementor-widget-edublink-heading\" data-id=\"7a09962\" data-element_type=\"widget\" data-settings=\"{&quot;_animation&quot;:&quot;edublink--slide-up&quot;,&quot;_animation_delay&quot;:150}\" data-widget_type=\"edublink-heading.default\">\n\t\t\t\t<div class=\"elementor-widget-container\">\n\t\t\t<div class=\"edublink-section-heading\"><h3 class=\"heading\">Il miglioramento continuo \u00e8 alla base della nostra politica aziendale\n<\/h3><div class=\"title-shape\"><i class=\"icon-19\"><\/i><\/div><div class=\"sub-heading\"><div class=\"vc_custom_heading_wrap \"><div class=\"heading-text el-text\"><h6 class=\"h4 font-weight-400 text-color-wvjs-color\">La \"mission\" di Alfa Ambiente \u00e8 quella di lavorare affinch\u00e9 le aziende, attraverso comportamenti sostenibili, contribuiscano fattivamente alla definizione di nuovi e migliori stili di vita.<\/h6><p>Per gli aspetti etici il management garantisce una gestione orientata al rispetto reciproco, onest\u00e0, trasparenza, riservatezza, concorrenza leale, osservanza della legislazione vigente nei confronti di tutte le parti interessate.<\/p><p>La Direzione aziendale \u00e8 attenta alla valorizzazione dei propri collaboratori come bene importante per l'organizzazione.<\/p><\/div><\/div><\/div><\/div>\t\t<\/div>\n\t\t\t\t<\/div>\n\t\t\t\t\t<\/div>\n\t\t<\/div>\n\t\t\t\t<div class=\"elementor-column elementor-col-50 elementor-top-column elementor-element elementor-element-f19c59c elementor-invisible\" data-id=\"f19c59c\" data-element_type=\"column\" data-settings=\"{&quot;animation&quot;:&quot;slide-left&quot;,&quot;animation_delay&quot;:50}\">\n\t\t\t<div class=\"elementor-widget-wrap elementor-element-populated\">\n\t\t\t\t\t\t<div class=\"elementor-element elementor-element-f144cad elementor-widget-tablet_extra__width-initial elementor-invisible elementor-widget elementor-widget-image\" data-id=\"f144cad\" data-element_type=\"widget\" data-settings=\"{&quot;_animation&quot;:&quot;edublink--slide-left&quot;,&quot;_animation_delay&quot;:500}\" data-widget_type=\"image.default\">\n\t\t\t\t<div class=\"elementor-widget-container\">\n\t\t\t<style>\/*! elementor - v3.21.0 - 24-04-2024 *\/\n.elementor-widget-image{text-align:center}.elementor-widget-image a{display:inline-block}.elementor-widget-image a img[src$=\".svg\"]{width:48px}.elementor-widget-image img{vertical-align:middle;display:inline-block}<\/style>\t\t\t\t\t\t\t\t\t\t<img fetchpriority=\"high\" decoding=\"async\" width=\"640\" height=\"800\" src=\"http:\/\/shop.lafschool.it\/wp7\/wp-content\/uploads\/2024\/05\/DSC7443v2-Copia-uai-1706x2133-3-768x960.jpg\" class=\"attachment-medium_large size-medium_large wp-image-21155\" alt=\"\" srcset=\"http:\/\/shop.lafschool.it\/wp7\/wp-content\/uploads\/2024\/05\/DSC7443v2-Copia-uai-1706x2133-3-768x960.jpg 768w, http:\/\/shop.lafschool.it\/wp7\/wp-content\/uploads\/2024\/05\/DSC7443v2-Copia-uai-1706x2133-3-240x300.jpg 240w, http:\/\/shop.lafschool.it\/wp7\/wp-content\/uploads\/2024\/05\/DSC7443v2-Copia-uai-1706x2133-3-819x1024.jpg 819w, http:\/\/shop.lafschool.it\/wp7\/wp-content\/uploads\/2024\/05\/DSC7443v2-Copia-uai-1706x2133-3-1229x1536.jpg 1229w, http:\/\/shop.lafschool.it\/wp7\/wp-content\/uploads\/2024\/05\/DSC7443v2-Copia-uai-1706x2133-3-1638x2048.jpg 1638w, http:\/\/shop.lafschool.it\/wp7\/wp-content\/uploads\/2024\/05\/DSC7443v2-Copia-uai-1706x2133-3-600x750.jpg 600w, http:\/\/shop.lafschool.it\/wp7\/wp-content\/uploads\/2024\/05\/DSC7443v2-Copia-uai-1706x2133-3.jpg 1706w\" sizes=\"(max-width: 640px) 100vw, 640px\" \/>\t\t\t\t\t\t\t\t\t\t\t\t\t<\/div>\n\t\t\t\t<\/div>\n\t\t\t\t\t<\/div>\n\t\t<\/div>\n\t\t\t\t\t<\/div>\n\t\t<\/section>\n\t\t<div class=\"elementor-element elementor-element-3f98721 e-grid e-con-full e-con e-parent\" data-id=\"3f98721\" data-element_type=\"container\">\n\t\t\t\t<\/div>\n\t\t<div class=\"elementor-element elementor-element-cb96bd7 e-grid e-con-boxed e-con e-parent\" data-id=\"cb96bd7\" data-element_type=\"container\">\n\t\t\t\t\t<div class=\"e-con-inner\">\n\t\t\t\t<div class=\"elementor-element elementor-element-4d6986e elementor-widget elementor-widget-heading\" data-id=\"4d6986e\" data-element_type=\"widget\" data-widget_type=\"heading.default\">\n\t\t\t\t<div class=\"elementor-widget-container\">\n\t\t\t<style>\/*! elementor - v3.21.0 - 24-04-2024 *\/\n.elementor-heading-title{padding:0;margin:0;line-height:1}.elementor-widget-heading .elementor-heading-title[class*=elementor-size-]>a{color:inherit;font-size:inherit;line-height:inherit}.elementor-widget-heading .elementor-heading-title.elementor-size-small{font-size:15px}.elementor-widget-heading .elementor-heading-title.elementor-size-medium{font-size:19px}.elementor-widget-heading .elementor-heading-title.elementor-size-large{font-size:29px}.elementor-widget-heading .elementor-heading-title.elementor-size-xl{font-size:39px}.elementor-widget-heading .elementor-heading-title.elementor-size-xxl{font-size:59px}<\/style><h5 class=\"elementor-heading-title elementor-size-default\">Il nostro impegno nella soddisfazione delle aspettative dei Clienti\n<\/h5>\t\t<\/div>\n\t\t\t\t<\/div>\n\t\t\t\t<div class=\"elementor-element elementor-element-7e3addf elementor-widget elementor-widget-heading\" data-id=\"7e3addf\" data-element_type=\"widget\" data-widget_type=\"heading.default\">\n\t\t\t\t<div class=\"elementor-widget-container\">\n\t\t\t<p class=\"elementor-heading-title elementor-size-default\">A questo scopo valuta le proprie prestazioni valorizzando le competenze e le conoscenze di tutto il personale.\n\nPer i dipendenti ed i collaboratori si impegna a favorire il miglioramento delle professionalit\u00e0: responsabilizzazione, partecipazione, competenza, consapevolezza sono le linee guida da seguire.\n\nI rapporti con i clienti vengono gestiti e sviluppati attraverso strumenti evoluti e nel rispetto delle regole e norme di sicurezza e riservatezza<\/p>\t\t<\/div>\n\t\t\t\t<\/div>\n\t\t\t\t\t<\/div>\n\t\t\t\t<\/div>\n\t\t<div class=\"elementor-element elementor-element-71ca9ec e-flex e-con-boxed e-con e-parent\" data-id=\"71ca9ec\" data-element_type=\"container\">\n\t\t\t\t\t<div class=\"e-con-inner\">\n\t\t\t\t<div class=\"elementor-element elementor-element-cec6c9e elementor-invisible elementor-widget elementor-widget-edublink-team\" data-id=\"cec6c9e\" data-element_type=\"widget\" data-settings=\"{&quot;_animation&quot;:&quot;edublink--slide-up&quot;,&quot;_animation_delay&quot;:250}\" data-widget_type=\"edublink-team.default\">\n\t\t\t\t<div class=\"elementor-widget-container\">\n\t\t\t<div class=\"eb-team-wrapper\"><div class=\"eb-team-container eb-team-grid edublink-row\"><div class=\"edublink-team-3-widget edublink-col-lg-4 edublink-col-md-6 edublink-col-sm-6\" data-sal=\"\"><div class=\"edublink-team-item\"><div class=\"thumbnail-wrap\"><div class=\"thumbnail\"><a ><img decoding=\"async\" src=\"http:\/\/shop.lafschool.it\/wp7\/wp-content\/uploads\/2024\/05\/cycle-2019530_1280-uai-960x1280-2-e1716496103725.png\" alt=\"cycle-2019530_1280-uai-960x1280\"><\/a><\/div><\/div><div class=\"content\"><span class=\"designation\">Definizione e adeguamento costante di processi, procedure e istruzioni di lavoro;<\/span><\/div><\/div><\/div><div class=\"edublink-team-3-widget edublink-col-lg-4 edublink-col-md-6 edublink-col-sm-6\" data-sal=\"\"><div class=\"edublink-team-item\"><div class=\"thumbnail-wrap\"><div class=\"thumbnail\"><a ><img decoding=\"async\" src=\"http:\/\/shop.lafschool.it\/wp7\/wp-content\/uploads\/2024\/05\/scale-3671883_1920-uai-963x1284-2.jpg\" alt=\"scale-3671883_1920-uai-963x1284\"><\/a><\/div><\/div><div class=\"content\"><span class=\"designation\">Attenzione alla gestione dei costi e dei rischi, attraverso opportune azioni di contenimento e opportunit\u00e0 di miglioramento;<\/span><\/div><\/div><\/div><div class=\"edublink-team-3-widget edublink-col-lg-4 edublink-col-md-6 edublink-col-sm-6\" data-sal=\"\"><div class=\"edublink-team-item\"><div class=\"thumbnail-wrap\"><div class=\"thumbnail\"><a ><img decoding=\"async\" src=\"http:\/\/shop.lafschool.it\/wp7\/wp-content\/uploads\/2024\/05\/ISO90012015-uai-1350x1800-1.jpg\" alt=\"ISO90012015-uai-1350x1800\"><\/a><\/div><\/div><div class=\"content\"><span class=\"designation\">Sistema Qualit\u00e0 conforme alla normativa ISO 9001:2015.<\/span><\/div><\/div><\/div><div class=\"edublink-team-3-widget edublink-col-lg-4 edublink-col-md-6 edublink-col-sm-6\" data-sal=\"\"><div class=\"edublink-team-item\"><div class=\"thumbnail-wrap\"><div class=\"thumbnail\"><a ><img decoding=\"async\" src=\"http:\/\/shop.lafschool.it\/wp7\/wp-content\/uploads\/2024\/05\/plan-686327_1920-uai-1080x1440-2.jpg\" alt=\"plan-686327_1920-uai-1080x1440\"><\/a><\/div><\/div><div class=\"content\"><span class=\"designation\">Sistematica misurazione e miglioramento qualit\u00e0 di processi e prodotti;<\/span><\/div><\/div><\/div><\/div><\/div>\t\t<\/div>\n\t\t\t\t<\/div>\n\t\t\t\t\t<\/div>\n\t\t\t\t<\/div>\n\t\t<div class=\"elementor-element elementor-element-8031cb8 e-con-full e-flex e-con e-parent\" data-id=\"8031cb8\" data-element_type=\"container\" data-settings=\"{&quot;background_background&quot;:&quot;classic&quot;}\">\n\t\t\t\t<div class=\"elementor-element elementor-element-0625e33 elementor-widget elementor-widget-heading\" data-id=\"0625e33\" data-element_type=\"widget\" data-widget_type=\"heading.default\">\n\t\t\t\t<div class=\"elementor-widget-container\">\n\t\t\t<h3 class=\"elementor-heading-title elementor-size-default\">Contattaci per qualsiasi informazione\n\n<\/h3>\t\t<\/div>\n\t\t\t\t<\/div>\n\t\t\t\t<div class=\"elementor-element elementor-element-c234868 elementor-widget elementor-widget-heading\" data-id=\"c234868\" data-element_type=\"widget\" data-widget_type=\"heading.default\">\n\t\t\t\t<div class=\"elementor-widget-container\">\n\t\t\t<p class=\"elementor-heading-title elementor-size-default\">Lascia un messaggio e i tuoi riferimenti, sar\u00e0 nostra cura risponderti al pi\u00f9 presto. \n    <br>Puoi comunque chiamarci allo 06 5410521.\n\n<\/p>\t\t<\/div>\n\t\t\t\t<\/div>\n\t\t\t\t<div class=\"elementor-element elementor-element-14a931a elementor-widget__width-initial elementor-widget elementor-widget-edublink-contact-form-seven\" data-id=\"14a931a\" data-element_type=\"widget\" data-widget_type=\"edublink-contact-form-seven.default\">\n\t\t\t\t<div class=\"elementor-widget-container\">\n\t\t\t<div class=\"edublink-contact-form-wrapper\">\n<div class=\"wpcf7 no-js\" id=\"wpcf7-f17265-o1\" lang=\"en-US\" dir=\"ltr\">\n<div class=\"screen-reader-response\"><p role=\"status\" aria-live=\"polite\" aria-atomic=\"true\"><\/p> <ul><\/ul><\/div>\n<form action=\"\/wp7\/wp-json\/wp\/v2\/pages\/20261#wpcf7-f17265-o1\" method=\"post\" class=\"wpcf7-form init\" aria-label=\"Contact form\" novalidate=\"novalidate\" data-status=\"init\">\n<div style=\"display: none;\">\n<input type=\"hidden\" name=\"_wpcf7\" value=\"17265\" \/>\n<input type=\"hidden\" name=\"_wpcf7_version\" value=\"5.9.3\" \/>\n<input type=\"hidden\" name=\"_wpcf7_locale\" value=\"en_US\" \/>\n<input type=\"hidden\" name=\"_wpcf7_unit_tag\" value=\"wpcf7-f17265-o1\" \/>\n<input type=\"hidden\" name=\"_wpcf7_container_post\" value=\"0\" \/>\n<input type=\"hidden\" name=\"_wpcf7_posted_data_hash\" value=\"\" \/>\n<\/div>\n<div class=\"edublink-contact-form-wrapper eb-contact-me-form\">\n\t<div class=\"edublink-row\">\n\t\t<div class=\"edublink-col-lg-6\">\n\t\t\t<div class=\"edublink-contact-form-single-item mb--20\">\n\t\t\t\t<div class=\"edublink-contact-form-single-item-content\">\n\t\t\t\t\t<p><span class=\"wpcf7-form-control-wrap\" data-name=\"text-245\"><input size=\"40\" class=\"wpcf7-form-control wpcf7-text wpcf7-validates-as-required edublink-contact-form-field\" aria-required=\"true\" aria-invalid=\"false\" placeholder=\"Nome *\" value=\"\" type=\"text\" name=\"text-245\" \/><\/span>\n\t\t\t\t\t<\/p>\n\t\t\t\t<\/div>\n\t\t\t<\/div>\n\t\t<\/div>\n\t\t<div class=\"edublink-col-lg-6\">\n\t\t\t<div class=\"edublink-contact-form-single-item mb--20\">\n\t\t\t\t<div class=\"edublink-contact-form-single-item-content\">\n\t\t\t\t\t<p><span class=\"wpcf7-form-control-wrap\" data-name=\"email-349\"><input size=\"40\" class=\"wpcf7-form-control wpcf7-email wpcf7-validates-as-required wpcf7-text wpcf7-validates-as-email edublink-contact-form-field\" aria-required=\"true\" aria-invalid=\"false\" placeholder=\"Email *\" value=\"\" type=\"email\" name=\"email-349\" \/><\/span>\n\t\t\t\t\t<\/p>\n\t\t\t\t<\/div>\n\t\t\t<\/div>\n\t\t<\/div>\n\t<\/div>\n\t<div class=\"edublink-contact-form-single-item\">\n\t\t<div class=\"edublink-contact-form-single-item-content\">\n\t\t\t<p><span class=\"wpcf7-form-control-wrap\" data-name=\"text-447\"><input size=\"40\" class=\"wpcf7-form-control wpcf7-text edublink-contact-form-field\" aria-invalid=\"false\" placeholder=\"Telefono\" value=\"\" type=\"text\" name=\"text-447\" \/><\/span>\n\t\t\t<\/p>\n\t\t<\/div>\n\t<\/div>\n\t<div class=\"edublink-contact-form-single-item\">\n\t\t<div class=\"edublink-contact-form-single-item-content edublink-contact-form-textarea\">\n\t\t\t<p><span class=\"wpcf7-form-control-wrap\" data-name=\"textarea-865\"><textarea cols=\"40\" rows=\"5\" class=\"wpcf7-form-control wpcf7-textarea wpcf7-validates-as-required edublink-contact-form-textarea edublink-contact-form-field\" aria-required=\"true\" aria-invalid=\"false\" placeholder=\"Messaggio\" name=\"textarea-865\"><\/textarea><\/span>\n\t\t\t<\/p>\n\t\t<\/div>\n\t<\/div>\n\t<div class=\"edublink-contact-button-container\">\n\t\t<div class=\"edublink-contact-form-single-item eb-contact-button\">\n\t\t\t<div class=\"eb-contact-button-wrapper\">\n\t\t\t\t<p><input class=\"wpcf7-form-control wpcf7-submit has-spinner edublink-button-with-icon\" type=\"submit\" value=\"VOGLIO RICEVERE INFORMAZIONI\" \/>\n\t\t\t\t<\/p>\n\t\t\t<\/div>\n\t\t<\/div>\n\t<\/div>\n<\/div><p style=\"display: none !important;\" class=\"akismet-fields-container\" data-prefix=\"_wpcf7_ak_\"><label>&#916;<textarea name=\"_wpcf7_ak_hp_textarea\" cols=\"45\" rows=\"8\" maxlength=\"100\"><\/textarea><\/label><input type=\"hidden\" id=\"ak_js_1\" name=\"_wpcf7_ak_js\" value=\"192\"\/><script>document.getElementById( \"ak_js_1\" ).setAttribute( \"value\", ( new Date() ).getTime() );<\/script><\/p><div class=\"wpcf7-response-output\" aria-hidden=\"true\"><\/div>\n<\/form>\n<\/div>\n<\/div>\t\t<\/div>\n\t\t\t\t<\/div>\n\t\t\t\t<\/div>\n\t\t\t\t<\/div>\n\t\t","protected":false},"excerpt":{"rendered":"<p>Il miglioramento continuo \u00e8 alla base della nostra politica aziendale La &#8220;mission&#8221; di Alfa Ambiente \u00e8 quella di lavorare affinch\u00e9&#8230;<\/p>\n","protected":false},"author":1,"featured_media":0,"parent":0,"menu_order":0,"comment_status":"closed","ping_status":"closed","template":"","meta":{"inline_featured_image":false,"_monsterinsights_skip_tracking":false,"_monsterinsights_sitenote_active":false,"_monsterinsights_sitenote_note":"","_monsterinsights_sitenote_category":0,"footnotes":""},"aioseo_notices":[],"_links":{"self":[{"href":"http:\/\/shop.lafschool.it\/wp7\/wp-json\/wp\/v2\/pages\/20261"}],"collection":[{"href":"http:\/\/shop.lafschool.it\/wp7\/wp-json\/wp\/v2\/pages"}],"about":[{"href":"http:\/\/shop.lafschool.it\/wp7\/wp-json\/wp\/v2\/types\/page"}],"author":[{"embeddable":true,"href":"http:\/\/shop.lafschool.it\/wp7\/wp-json\/wp\/v2\/users\/1"}],"replies":[{"embeddable":true,"href":"http:\/\/shop.lafschool.it\/wp7\/wp-json\/wp\/v2\/comments?post=20261"}],"version-history":[{"count":24,"href":"http:\/\/shop.lafschool.it\/wp7\/wp-json\/wp\/v2\/pages\/20261\/revisions"}],"predecessor-version":[{"id":21188,"href":"http:\/\/shop.lafschool.it\/wp7\/wp-json\/wp\/v2\/pages\/20261\/revisions\/21188"}],"wp:attachment":[{"href":"http:\/\/shop.lafschool.it\/wp7\/wp-json\/wp\/v2\/media?parent=20261"}],"curies":[{"name":"wp","href":"https:\/\/api.w.org\/{rel}","templated":true}]}}