{"id":20944,"date":"2024-05-16T16:13:55","date_gmt":"2024-05-16T14:13:55","guid":{"rendered":"http:\/\/shop.lafschool.it\/wp7\/?page_id=20944"},"modified":"2024-05-16T16:13:55","modified_gmt":"2024-05-16T14:13:55","slug":"innovazione-2","status":"publish","type":"page","link":"http:\/\/shop.lafschool.it\/wp7\/innovazione-2\/","title":{"rendered":"Innovazione"},"content":{"rendered":"<h3>Gestire il cambiamento a favore di un miglioramento continuo, a partire dalla prevenzione.<\/h3>\n<p>&nbsp;<\/p>\n<p>L&#8217;innovazione \u00e8 una modalit\u00e0 operativa che applichiamo concretamente per dare ai nostri clienti prodotti e servizi di qualit\u00e0, protezione dai rischi e supporto allo sviluppo aziendale nelle nostre aree di competenza.<\/p>\n<p>&nbsp;<\/p>\n<div id=\"row-unique-2\" class=\"vc_row row-container\" data-parent=\"true\" data-section=\"2\">\n<div class=\"row limit-width row-parent\" data-imgready=\"true\">\n<div class=\"wpb_row row-inner\">\n<div class=\"wpb_column pos-top pos-center align_left column_parent col-lg-12 single-internal-gutter\">\n<div class=\"uncol style-light\">\n<div class=\"uncoltable\">\n<div class=\"uncell no-block-padding\">\n<div class=\"uncont\">\n<div class=\"uncode_text_column\">\n<h2>\u2014\u2014\u2014\u2014\u2014\u2014\u2014\u2014 ecco alcuni esempi \u2014\u2014\u2014\u2014\u2014\u2014\u2014\u2014<\/h2>\n<p>&nbsp;<\/p>\n<\/div>\n<\/div>\n<\/div>\n<p><img fetchpriority=\"high\" decoding=\"async\" class=\"alignnone wp-image-20945 size-full\" src=\"http:\/\/shop.lafschool.it\/wp7\/wp-content\/uploads\/2024\/05\/im-1.png\" alt=\"\" width=\"450\" height=\"300\" srcset=\"http:\/\/shop.lafschool.it\/wp7\/wp-content\/uploads\/2024\/05\/im-1.png 450w, http:\/\/shop.lafschool.it\/wp7\/wp-content\/uploads\/2024\/05\/im-1-300x200.png 300w\" sizes=\"(max-width: 450px) 100vw, 450px\" \/><\/p>\n<\/div>\n<h3 class=\"t-entry-title h5\"><strong>Realt\u00e0 virtuale e aumentata<\/strong><\/h3>\n<div class=\"t-entry-excerpt \">\n<p>Sviluppiamo soluzioni di Realt\u00e0 Virtuale e Aumentata per migliorare efficacia e coinvolgimento delle persone nella formazione e nell\u2019addestramento e per la simulazione di emergenze. Sviluppiamo progetti per il supporto alle attivit\u00e0 operative e la simulazione di situazioni reali attraverso la Realt\u00e0 Virtuale e la Realt\u00e0 Aumentata. Realizziamo soluzioni evolute e specifiche per la formazione e l&#8217;addestramento.<\/p>\n<div class=\"tmb atc-typography-inherit tmb-iso-w3 tmb-iso-h4 tmb-light tmb-text-showed tmb-overlay-anim tmb-content-left tmb-image-anim tmb-id-12598 tmb-img-ratio tmb-content-under tmb-media-first tmb-no-bg tmb-iso\">\n<div class=\"t-inside animate_when_almost_visible bottom-t-top start_animation\" data-delay=\"200\">\n<div class=\"t-entry-text\">\n<div class=\"t-entry-text-tc single-block-padding\">\n<div class=\"t-entry\">\n<p class=\"t-entry-readmore btn-container\"><a class=\"btn btn-default \" href=\"https:\/\/staging.alfambiente.it\/realta-virtuale-e-aumentata-per-la-sicurezza\/\">LEGGERE DI PI\u00d9<\/a><\/p>\n<\/div>\n<\/div>\n<\/div>\n<\/div>\n<\/div>\n<div class=\"tmb atc-typography-inherit tmb-iso-w3 tmb-iso-h4 tmb-light tmb-text-showed tmb-overlay-anim tmb-content-left tmb-image-anim tmb-show-secondary grid-cat-510 tmb-id-11381 tmb-img-ratio tmb-content-under tmb-media-first tmb-no-bg tmb-iso\">\n<div class=\"t-inside animate_when_almost_visible bottom-t-top start_animation\" data-delay=\"400\">\n<div class=\"t-entry-visual\">\n<div class=\"t-entry-visual-tc\">\n<div class=\"t-entry-visual-cont\"><\/div>\n<\/div>\n<\/div>\n<\/div>\n<\/div>\n<p>&nbsp;<\/p>\n<\/div>\n<\/div>\n<p><img decoding=\"async\" class=\"alignnone wp-image-20946 size-full\" src=\"http:\/\/shop.lafschool.it\/wp7\/wp-content\/uploads\/2024\/05\/im-2.png\" alt=\"\" width=\"450\" height=\"300\" srcset=\"http:\/\/shop.lafschool.it\/wp7\/wp-content\/uploads\/2024\/05\/im-2.png 450w, http:\/\/shop.lafschool.it\/wp7\/wp-content\/uploads\/2024\/05\/im-2-300x200.png 300w\" sizes=\"(max-width: 450px) 100vw, 450px\" \/><\/p>\n<p><a style=\"font-family: Montserrat, sans-serif; font-size: 28px; font-weight: bold;\" href=\"https:\/\/staging.alfambiente.it\/innovazione\/kiber\/\" target=\"_self\" rel=\"noopener\">Realt\u00e0 Assistita \u2013 Kiber<\/a><\/p>\n<div class=\"tmb atc-typography-inherit tmb-iso-w3 tmb-iso-h4 tmb-light tmb-text-showed tmb-overlay-anim tmb-content-left tmb-image-anim tmb-show-secondary grid-cat-510 tmb-id-11381 tmb-img-ratio tmb-content-under tmb-media-first tmb-no-bg tmb-iso\">\n<div class=\"t-inside animate_when_almost_visible bottom-t-top start_animation\" data-delay=\"400\">\n<div class=\"t-entry-text\">\n<div class=\"t-entry-text-tc single-block-padding\">\n<div class=\"t-entry\">\n<div class=\"t-entry-excerpt \">\n<p>Kiber offre alle aziende una soluzione tecnologica di Realt\u00e0 Assistita flessibile per potenziare la forza lavoro nelle operazioni industriali quotidiane che richiedono competenza immediata e collaborazione remota.<\/p>\n<\/div>\n<p class=\"t-entry-readmore btn-container\"><a class=\"btn btn-default \" href=\"https:\/\/staging.alfambiente.it\/innovazione\/kiber\/\" target=\"_self\" rel=\"noopener\">LEGGERE DI PI\u00d9<\/a><\/p>\n<\/div>\n<\/div>\n<\/div>\n<\/div>\n<\/div>\n<div class=\"tmb atc-typography-inherit tmb-iso-w3 tmb-iso-h4 tmb-light tmb-text-showed tmb-overlay-anim tmb-content-left tmb-image-anim tmb-id-12612 tmb-img-ratio tmb-content-under tmb-media-first tmb-no-bg tmb-iso\">\n<div class=\"t-inside animate_when_almost_visible bottom-t-top start_animation\" data-delay=\"200\">\n<div class=\"t-entry-visual\">\n<div class=\"t-entry-visual-tc\">\n<div class=\"t-entry-visual-cont\">\n<div class=\"dummy\"><\/div>\n<div class=\"t-entry-visual-overlay\">\n<div class=\"t-entry-visual-overlay-in style-color-vyce-bg\"><\/div>\n<\/div>\n<div class=\"t-overlay-wrap\">\n<div class=\"t-overlay-inner\">\n<div class=\"t-overlay-content\">\n<div class=\"t-overlay-text single-block-padding\">\n<div class=\"t-entry t-single-line\"><\/div>\n<\/div>\n<\/div>\n<\/div>\n<\/div>\n<p><a class=\"pushed\" tabindex=\"-1\" href=\"https:\/\/staging.alfambiente.it\/blumatica\/\" data-lb-index=\"2\"><img decoding=\"async\" class=\"wp-image-12631\" src=\"https:\/\/staging.alfambiente.it\/wp-content\/uploads\/2023\/12\/Social-500-x-300-px-9-uai-450x300.png\" alt=\"\" width=\"450\" height=\"300\" \/><\/a><\/div>\n<\/div>\n<\/div>\n<div class=\"t-entry-text\">\n<div class=\"t-entry-text-tc single-block-padding\">\n<div class=\"t-entry\">\n<h3><\/h3>\n<h3 class=\"t-entry-title h5\">Blumatica<\/h3>\n<div class=\"t-entry-excerpt \">\n<p>Blumatica \u00e8 un sistema di gestione della formazione che consente la gestione e monitoraggio delle esigenze formative di ogni lavoratore, anche di natura diversa da quelle inerenti la sicurezza, in modo coerente ed integrato con la valutazione dei rischi<\/p>\n<\/div>\n<p class=\"t-entry-readmore btn-container\"><a class=\"btn btn-default \" href=\"https:\/\/staging.alfambiente.it\/blumatica\/\">LEGGERE DI PI\u00d9<\/a><\/p>\n<p>&nbsp;<\/p>\n<\/div>\n<\/div>\n<p>&nbsp;<\/p>\n<div class=\"t-entry-text-tc single-block-padding\">\n<div class=\"t-entry\">\n<p><img loading=\"lazy\" decoding=\"async\" class=\"wp-image-20948 size-full\" src=\"http:\/\/shop.lafschool.it\/wp7\/wp-content\/uploads\/2024\/05\/im-4.jpg\" alt=\"\" width=\"450\" height=\"300\" srcset=\"http:\/\/shop.lafschool.it\/wp7\/wp-content\/uploads\/2024\/05\/im-4.jpg 450w, http:\/\/shop.lafschool.it\/wp7\/wp-content\/uploads\/2024\/05\/im-4-300x200.jpg 300w\" sizes=\"(max-width: 450px) 100vw, 450px\" \/><\/p>\n<h3><\/h3>\n<h3 class=\"t-entry-title h5\">E-learning<\/h3>\n<div class=\"t-entry-excerpt \">\n<p>In relazione alla Formazione, la nostra offerta include la nostra piattaforma e-learning, con cui gestiamo oltre 9.000 utenti per l\u2019erogazione di 25 corsi e 60 unit\u00e0 didattiche elementari componibili.<\/p>\n<\/div>\n<\/div>\n<\/div>\n<\/div>\n<\/div>\n<\/div>\n<div class=\"tmb atc-typography-inherit tmb-iso-w3 tmb-iso-h4 tmb-light tmb-text-showed tmb-overlay-anim tmb-content-left tmb-image-anim tmb-id-7229 tmb-img-ratio tmb-content-under tmb-media-first tmb-no-bg tmb-iso\">\n<div class=\"t-inside animate_when_almost_visible bottom-t-top start_animation\" data-delay=\"200\">\n<div class=\"t-entry-visual\">\n<div class=\"t-entry-visual-tc\">\n<div class=\"t-entry-visual-cont\"><a class=\"btn btn-default \" href=\"https:\/\/staging.alfambiente.it\/blumatica\/\">LEGGERE DI PI\u00d9<\/a><\/div>\n<\/div>\n<\/div>\n<\/div>\n<\/div>\n<div class=\"uncol style-light\">\n<div class=\"uncoltable\">\n<div class=\"uncell no-block-padding\">\n<div class=\"uncont\">\n<p>&nbsp;<\/p>\n<\/div>\n<\/div>\n<\/div>\n<\/div>\n<\/div>\n<\/div>\n<\/div>\n<\/div>\n<div id=\"row-unique-3\" class=\"vc_row row-container\" data-parent=\"true\" data-section=\"3\">\n<div class=\"row col-half-gutter double-top-padding double-bottom-padding double-h-padding full-width row-parent\" data-imgready=\"true\">\n<div class=\"wpb_row row-inner\">\n<div class=\"wpb_column pos-top pos-center align_left column_parent col-lg-12 double-internal-gutter\">\n<div class=\"uncol style-light\">\n<div class=\"uncoltable\">\n<div class=\"uncell no-block-padding\">\n<div class=\"uncont\">\n<div id=\"index-581094100\" class=\"isotope-system isotope-general-light isotope-processed\">\n<div class=\"isotope-wrapper single-gutter\">\n<div class=\"isotope-container isotope-layout style-masonry isotope-infinite isotope-infinite-button un-isotope-init\" data-type=\"masonry\" data-layout=\"fitRows\" data-lg=\"1200\" data-md=\"960\" data-sm=\"480\" data-vp-height=\"\" data-iso-index=\"0\">\n<div class=\"tmb atc-typography-inherit tmb-iso-w3 tmb-iso-h4 tmb-light tmb-text-showed tmb-overlay-anim tmb-content-left tmb-image-anim tmb-id-12598 tmb-img-ratio tmb-content-under tmb-media-first tmb-no-bg tmb-iso\">\n<div class=\"t-inside animate_when_almost_visible bottom-t-top start_animation\" data-delay=\"200\">\n<div class=\"t-entry-visual\">\n<div class=\"t-entry-visual-tc\">\n<div class=\"t-entry-visual-cont\"><\/div>\n<\/div>\n<\/div>\n<\/div>\n<\/div>\n<\/div>\n<\/div>\n<\/div>\n<\/div>\n<\/div>\n<\/div>\n<\/div>\n<\/div>\n<\/div>\n<\/div>\n<\/div>\n","protected":false},"excerpt":{"rendered":"<p>Gestire il cambiamento a favore di un miglioramento continuo, a partire dalla prevenzione. &nbsp; L&#8217;innovazione \u00e8 una modalit\u00e0 operativa che&#8230;<\/p>\n","protected":false},"author":1,"featured_media":0,"parent":0,"menu_order":0,"comment_status":"closed","ping_status":"closed","template":"","meta":{"inline_featured_image":false,"_monsterinsights_skip_tracking":false,"_monsterinsights_sitenote_active":false,"_monsterinsights_sitenote_note":"","_monsterinsights_sitenote_category":0,"footnotes":""},"aioseo_notices":[],"_links":{"self":[{"href":"http:\/\/shop.lafschool.it\/wp7\/wp-json\/wp\/v2\/pages\/20944"}],"collection":[{"href":"http:\/\/shop.lafschool.it\/wp7\/wp-json\/wp\/v2\/pages"}],"about":[{"href":"http:\/\/shop.lafschool.it\/wp7\/wp-json\/wp\/v2\/types\/page"}],"author":[{"embeddable":true,"href":"http:\/\/shop.lafschool.it\/wp7\/wp-json\/wp\/v2\/users\/1"}],"replies":[{"embeddable":true,"href":"http:\/\/shop.lafschool.it\/wp7\/wp-json\/wp\/v2\/comments?post=20944"}],"version-history":[{"count":10,"href":"http:\/\/shop.lafschool.it\/wp7\/wp-json\/wp\/v2\/pages\/20944\/revisions"}],"predecessor-version":[{"id":20958,"href":"http:\/\/shop.lafschool.it\/wp7\/wp-json\/wp\/v2\/pages\/20944\/revisions\/20958"}],"wp:attachment":[{"href":"http:\/\/shop.lafschool.it\/wp7\/wp-json\/wp\/v2\/media?parent=20944"}],"curies":[{"name":"wp","href":"https:\/\/api.w.org\/{rel}","templated":true}]}}